{"id":3058,"date":"2023-09-25T13:09:34","date_gmt":"2023-09-25T13:09:34","guid":{"rendered":"https:\/\/www.oxbaumaschinen.de\/impressum\/"},"modified":"2023-09-25T13:09:34","modified_gmt":"2023-09-25T13:09:34","slug":"impressum","status":"publish","type":"page","link":"https:\/\/www.oxbaumaschinen.de\/cs\/impressum\/","title":{"rendered":"Impressum"},"content":{"rendered":"\t\t<div data-elementor-type=\"wp-page\" data-elementor-id=\"3058\" class=\"elementor elementor-3058 elementor-3050\" data-elementor-post-type=\"page\">\n\t\t\t\t<div class=\"elementor-element elementor-element-e77df43 e-con-full hero e-flex e-con e-parent\" data-id=\"e77df43\" data-element_type=\"container\" data-e-type=\"container\" data-settings=\"{&quot;background_background&quot;:&quot;classic&quot;}\">\n\t\t\t\t<\/div>\n\t\t<div class=\"elementor-element elementor-element-75da11c intro e-flex e-con-boxed elementor-invisible e-con e-parent\" data-id=\"75da11c\" data-element_type=\"container\" data-e-type=\"container\" data-settings=\"{&quot;animation&quot;:&quot;fadeIn&quot;}\">\n\t\t\t\t\t<div class=\"e-con-inner\">\n\t\t\t\t<div class=\"elementor-element elementor-element-dc3cb5a elementor-invisible elementor-widget elementor-widget-image\" data-id=\"dc3cb5a\" data-element_type=\"widget\" data-e-type=\"widget\" data-settings=\"{&quot;_animation&quot;:&quot;fadeInLeft&quot;}\" data-widget_type=\"image.default\">\n\t\t\t\t<div class=\"elementor-widget-container\">\n\t\t\t\t\t\t\t\t\t\t\t\t\t\t\t<img decoding=\"async\" width=\"50\" height=\"75\" src=\"https:\/\/www.oxbaumaschinen.de\/wp-content\/uploads\/2023\/04\/arrow-right.svg\" class=\"attachment-large size-large wp-image-2084\" alt=\"\" \/>\t\t\t\t\t\t\t\t\t\t\t\t\t\t\t<\/div>\n\t\t\t\t<\/div>\n\t\t<div class=\"elementor-element elementor-element-3cb17d2 e-flex e-con-boxed e-con e-parent\" data-id=\"3cb17d2\" data-element_type=\"container\" data-e-type=\"container\">\n\t\t\t\t\t<div class=\"e-con-inner\">\n\t\t\t\t<div class=\"elementor-element elementor-element-170de1e elementor-widget elementor-widget-heading\" data-id=\"170de1e\" data-element_type=\"widget\" data-e-type=\"widget\" data-widget_type=\"heading.default\">\n\t\t\t\t<div class=\"elementor-widget-container\">\n\t\t\t\t\t<h1 class=\"elementor-heading-title elementor-size-default\">Impressum<\/h1>\t\t\t\t<\/div>\n\t\t\t\t<\/div>\n\t\t\t\t<div class=\"elementor-element elementor-element-28d7260 elementor-widget elementor-widget-text-editor\" data-id=\"28d7260\" data-element_type=\"widget\" data-e-type=\"widget\" data-widget_type=\"text-editor.default\">\n\t\t\t\t<div class=\"elementor-widget-container\">\n\t\t\t\t\t\t\t\t\t<p>OX kompakt Baumaschinen GmbH<\/p><p>Gesch\u00e4ftsf\u00fchrer Sebastian Beres und Bram Vissers<\/p><p>Firmenaschrift \/ Firmenadresse : Alte Stra\u00dfe 19 04567 Kitzscher Deutschland<\/p><p>Kontaktdaten +49\/(0)1772671897 \/ +31\/(0)621832240 E-Mail: info@oxbaumaschinen.de<\/p><p>Umsatzsteuer ID: DE361607520<\/p><p>Handelsregister\/ Eintragung im Registergericht: Amtsgericht Leipzig \/ Handelsregister-Nummer: HRB 41686<\/p><p>\u00a0<\/p><h3>Streitschlichtung:<\/h3><p>Online-Streitbeilegung gem\u00e4\u00df Art. 14 Abs. 1 ODR-VO:<\/p><p>Wir nehmen nicht an einem Streitbeilegungsverfahren vor einer Verbraucherschlichtungsstelle teil.<\/p>\t\t\t\t\t\t\t\t<\/div>\n\t\t\t\t<\/div>\n\t\t\t\t\t<\/div>\n\t\t\t\t<\/div>\n\t\t\t\t\t<\/div>\n\t\t\t\t<\/div>\n\t\t\t\t<\/div>\n\t\t","protected":false},"excerpt":{"rendered":"<p>Impressum OX kompakt Baumaschinen GmbH Gesch\u00e4ftsf\u00fchrer Sebastian Beres und Bram Vissers Firmenaschrift \/ Firmenadresse : Alte Stra\u00dfe 19 04567 Kitzscher Deutschland Kontaktdaten +49\/(0)1772671897 \/ +31\/(0)621832240 E-Mail: info@oxbaumaschinen.de Umsatzsteuer ID: DE361607520 Handelsregister\/ Eintragung im Registergericht: Amtsgericht Leipzig \/ Handelsregister-Nummer: HRB 41686 \u00a0 Streitschlichtung: Online-Streitbeilegung gem\u00e4\u00df Art. 14 Abs. 1 ODR-VO: Wir nehmen nicht an einem Streitbeilegungsverfahren [&hellip;]<\/p>\n","protected":false},"author":3,"featured_media":0,"parent":0,"menu_order":0,"comment_status":"closed","ping_status":"closed","template":"elementor_header_footer","meta":{"_acf_changed":false,"footnotes":""},"class_list":["post-3058","page","type-page","status-publish","hentry","wpbf-post"],"acf":[],"yoast_head":"<!-- This site is optimized with the Yoast SEO plugin v27.0 - https:\/\/yoast.com\/product\/yoast-seo-wordpress\/ -->\n<title>Impressum - OX Kompaktbaumaschinen<\/title>\n<meta name=\"description\" content=\"OX staat voor kwaliteit, betrouwbaarheid en service. Wij bieden u een ruim assortiment aan in gebruikte, compacte bouwmachines van sterke merken en typen. Of het nu gaat om een graafmachine, heftruck, mini-dumper of ander type machine: bij ons vindt u altijd een passende oplossing.\" \/>\n<meta name=\"robots\" content=\"index, follow, max-snippet:-1, max-image-preview:large, max-video-preview:-1\" \/>\n<link rel=\"canonical\" href=\"https:\/\/www.oxbaumaschinen.de\/cs\/impressum\/\" \/>\n<meta property=\"og:locale\" content=\"cs_CZ\" \/>\n<meta property=\"og:type\" content=\"article\" \/>\n<meta property=\"og:title\" content=\"Impressum - OX Kompaktbaumaschinen\" \/>\n<meta property=\"og:description\" content=\"OX staat voor kwaliteit, betrouwbaarheid en service. Wij bieden u een ruim assortiment aan in gebruikte, compacte bouwmachines van sterke merken en typen. Of het nu gaat om een graafmachine, heftruck, mini-dumper of ander type machine: bij ons vindt u altijd een passende oplossing.\" \/>\n<meta property=\"og:url\" content=\"https:\/\/www.oxbaumaschinen.de\/cs\/impressum\/\" \/>\n<meta property=\"og:site_name\" content=\"OX Kompaktbaumaschinen\" \/>\n<meta property=\"og:image\" content=\"https:\/\/www.oxbaumaschinen.de\/wp-content\/uploads\/2023\/04\/arrow-right.svg\" \/>\n<meta name=\"twitter:card\" content=\"summary_large_image\" \/>\n<meta name=\"twitter:label1\" content=\"Odhadovan\u00e1 doba \u010dten\u00ed\" \/>\n\t<meta name=\"twitter:data1\" content=\"1 minuta\" \/>\n<script type=\"application\/ld+json\" class=\"yoast-schema-graph\">{\"@context\":\"https:\/\/schema.org\",\"@graph\":[{\"@type\":\"WebPage\",\"@id\":\"https:\/\/www.oxbaumaschinen.de\/cs\/impressum\/\",\"url\":\"https:\/\/www.oxbaumaschinen.de\/cs\/impressum\/\",\"name\":\"Impressum - OX Kompaktbaumaschinen\",\"isPartOf\":{\"@id\":\"https:\/\/www.oxbaumaschinen.de\/#website\"},\"primaryImageOfPage\":{\"@id\":\"https:\/\/www.oxbaumaschinen.de\/cs\/impressum\/#primaryimage\"},\"image\":{\"@id\":\"https:\/\/www.oxbaumaschinen.de\/cs\/impressum\/#primaryimage\"},\"thumbnailUrl\":\"https:\/\/www.oxbaumaschinen.de\/wp-content\/uploads\/2023\/04\/arrow-right.svg\",\"datePublished\":\"2023-09-25T13:09:34+00:00\",\"description\":\"OX staat voor kwaliteit, betrouwbaarheid en service. Wij bieden u een ruim assortiment aan in gebruikte, compacte bouwmachines van sterke merken en typen. Of het nu gaat om een graafmachine, heftruck, mini-dumper of ander type machine: bij ons vindt u altijd een passende oplossing.\",\"breadcrumb\":{\"@id\":\"https:\/\/www.oxbaumaschinen.de\/cs\/impressum\/#breadcrumb\"},\"inLanguage\":\"cs\",\"potentialAction\":[{\"@type\":\"ReadAction\",\"target\":[\"https:\/\/www.oxbaumaschinen.de\/cs\/impressum\/\"]}]},{\"@type\":\"ImageObject\",\"inLanguage\":\"cs\",\"@id\":\"https:\/\/www.oxbaumaschinen.de\/cs\/impressum\/#primaryimage\",\"url\":\"https:\/\/www.oxbaumaschinen.de\/wp-content\/uploads\/2023\/04\/arrow-right.svg\",\"contentUrl\":\"https:\/\/www.oxbaumaschinen.de\/wp-content\/uploads\/2023\/04\/arrow-right.svg\"},{\"@type\":\"BreadcrumbList\",\"@id\":\"https:\/\/www.oxbaumaschinen.de\/cs\/impressum\/#breadcrumb\",\"itemListElement\":[{\"@type\":\"ListItem\",\"position\":1,\"name\":\"Home\",\"item\":\"https:\/\/www.oxbaumaschinen.de\/cs\/\"},{\"@type\":\"ListItem\",\"position\":2,\"name\":\"Impressum\"}]},{\"@type\":\"WebSite\",\"@id\":\"https:\/\/www.oxbaumaschinen.de\/#website\",\"url\":\"https:\/\/www.oxbaumaschinen.de\/\",\"name\":\"OX Kompaktbaumaschinen\",\"description\":\"\",\"publisher\":{\"@id\":\"https:\/\/www.oxbaumaschinen.de\/#organization\"},\"potentialAction\":[{\"@type\":\"SearchAction\",\"target\":{\"@type\":\"EntryPoint\",\"urlTemplate\":\"https:\/\/www.oxbaumaschinen.de\/?s={search_term_string}\"},\"query-input\":{\"@type\":\"PropertyValueSpecification\",\"valueRequired\":true,\"valueName\":\"search_term_string\"}}],\"inLanguage\":\"cs\"},{\"@type\":\"Organization\",\"@id\":\"https:\/\/www.oxbaumaschinen.de\/#organization\",\"name\":\"OX Kompaktbaumaschinen\",\"url\":\"https:\/\/www.oxbaumaschinen.de\/\",\"logo\":{\"@type\":\"ImageObject\",\"inLanguage\":\"cs\",\"@id\":\"https:\/\/www.oxbaumaschinen.de\/#\/schema\/logo\/image\/\",\"url\":\"https:\/\/www.oxbaumaschinen.de\/wp-content\/uploads\/2023\/04\/OX_logo_yellow.svg\",\"contentUrl\":\"https:\/\/www.oxbaumaschinen.de\/wp-content\/uploads\/2023\/04\/OX_logo_yellow.svg\",\"width\":429,\"height\":134,\"caption\":\"OX Kompaktbaumaschinen\"},\"image\":{\"@id\":\"https:\/\/www.oxbaumaschinen.de\/#\/schema\/logo\/image\/\"}}]}<\/script>\n<!-- \/ Yoast SEO plugin. -->","yoast_head_json":{"title":"Impressum - OX Kompaktbaumaschinen","description":"OX staat voor kwaliteit, betrouwbaarheid en service. Wij bieden u een ruim assortiment aan in gebruikte, compacte bouwmachines van sterke merken en typen. Of het nu gaat om een graafmachine, heftruck, mini-dumper of ander type machine: bij ons vindt u altijd een passende oplossing.","robots":{"index":"index","follow":"follow","max-snippet":"max-snippet:-1","max-image-preview":"max-image-preview:large","max-video-preview":"max-video-preview:-1"},"canonical":"https:\/\/www.oxbaumaschinen.de\/cs\/impressum\/","og_locale":"cs_CZ","og_type":"article","og_title":"Impressum - OX Kompaktbaumaschinen","og_description":"OX staat voor kwaliteit, betrouwbaarheid en service. Wij bieden u een ruim assortiment aan in gebruikte, compacte bouwmachines van sterke merken en typen. Of het nu gaat om een graafmachine, heftruck, mini-dumper of ander type machine: bij ons vindt u altijd een passende oplossing.","og_url":"https:\/\/www.oxbaumaschinen.de\/cs\/impressum\/","og_site_name":"OX Kompaktbaumaschinen","og_image":[{"url":"https:\/\/www.oxbaumaschinen.de\/wp-content\/uploads\/2023\/04\/arrow-right.svg","type":"","width":"","height":""}],"twitter_card":"summary_large_image","twitter_misc":{"Odhadovan\u00e1 doba \u010dten\u00ed":"1 minuta"},"schema":{"@context":"https:\/\/schema.org","@graph":[{"@type":"WebPage","@id":"https:\/\/www.oxbaumaschinen.de\/cs\/impressum\/","url":"https:\/\/www.oxbaumaschinen.de\/cs\/impressum\/","name":"Impressum - OX Kompaktbaumaschinen","isPartOf":{"@id":"https:\/\/www.oxbaumaschinen.de\/#website"},"primaryImageOfPage":{"@id":"https:\/\/www.oxbaumaschinen.de\/cs\/impressum\/#primaryimage"},"image":{"@id":"https:\/\/www.oxbaumaschinen.de\/cs\/impressum\/#primaryimage"},"thumbnailUrl":"https:\/\/www.oxbaumaschinen.de\/wp-content\/uploads\/2023\/04\/arrow-right.svg","datePublished":"2023-09-25T13:09:34+00:00","description":"OX staat voor kwaliteit, betrouwbaarheid en service. Wij bieden u een ruim assortiment aan in gebruikte, compacte bouwmachines van sterke merken en typen. Of het nu gaat om een graafmachine, heftruck, mini-dumper of ander type machine: bij ons vindt u altijd een passende oplossing.","breadcrumb":{"@id":"https:\/\/www.oxbaumaschinen.de\/cs\/impressum\/#breadcrumb"},"inLanguage":"cs","potentialAction":[{"@type":"ReadAction","target":["https:\/\/www.oxbaumaschinen.de\/cs\/impressum\/"]}]},{"@type":"ImageObject","inLanguage":"cs","@id":"https:\/\/www.oxbaumaschinen.de\/cs\/impressum\/#primaryimage","url":"https:\/\/www.oxbaumaschinen.de\/wp-content\/uploads\/2023\/04\/arrow-right.svg","contentUrl":"https:\/\/www.oxbaumaschinen.de\/wp-content\/uploads\/2023\/04\/arrow-right.svg"},{"@type":"BreadcrumbList","@id":"https:\/\/www.oxbaumaschinen.de\/cs\/impressum\/#breadcrumb","itemListElement":[{"@type":"ListItem","position":1,"name":"Home","item":"https:\/\/www.oxbaumaschinen.de\/cs\/"},{"@type":"ListItem","position":2,"name":"Impressum"}]},{"@type":"WebSite","@id":"https:\/\/www.oxbaumaschinen.de\/#website","url":"https:\/\/www.oxbaumaschinen.de\/","name":"OX Kompaktbaumaschinen","description":"","publisher":{"@id":"https:\/\/www.oxbaumaschinen.de\/#organization"},"potentialAction":[{"@type":"SearchAction","target":{"@type":"EntryPoint","urlTemplate":"https:\/\/www.oxbaumaschinen.de\/?s={search_term_string}"},"query-input":{"@type":"PropertyValueSpecification","valueRequired":true,"valueName":"search_term_string"}}],"inLanguage":"cs"},{"@type":"Organization","@id":"https:\/\/www.oxbaumaschinen.de\/#organization","name":"OX Kompaktbaumaschinen","url":"https:\/\/www.oxbaumaschinen.de\/","logo":{"@type":"ImageObject","inLanguage":"cs","@id":"https:\/\/www.oxbaumaschinen.de\/#\/schema\/logo\/image\/","url":"https:\/\/www.oxbaumaschinen.de\/wp-content\/uploads\/2023\/04\/OX_logo_yellow.svg","contentUrl":"https:\/\/www.oxbaumaschinen.de\/wp-content\/uploads\/2023\/04\/OX_logo_yellow.svg","width":429,"height":134,"caption":"OX Kompaktbaumaschinen"},"image":{"@id":"https:\/\/www.oxbaumaschinen.de\/#\/schema\/logo\/image\/"}}]}},"_links":{"self":[{"href":"https:\/\/www.oxbaumaschinen.de\/cs\/wp-json\/wp\/v2\/pages\/3058","targetHints":{"allow":["GET"]}}],"collection":[{"href":"https:\/\/www.oxbaumaschinen.de\/cs\/wp-json\/wp\/v2\/pages"}],"about":[{"href":"https:\/\/www.oxbaumaschinen.de\/cs\/wp-json\/wp\/v2\/types\/page"}],"author":[{"embeddable":true,"href":"https:\/\/www.oxbaumaschinen.de\/cs\/wp-json\/wp\/v2\/users\/3"}],"replies":[{"embeddable":true,"href":"https:\/\/www.oxbaumaschinen.de\/cs\/wp-json\/wp\/v2\/comments?post=3058"}],"version-history":[{"count":0,"href":"https:\/\/www.oxbaumaschinen.de\/cs\/wp-json\/wp\/v2\/pages\/3058\/revisions"}],"wp:attachment":[{"href":"https:\/\/www.oxbaumaschinen.de\/cs\/wp-json\/wp\/v2\/media?parent=3058"}],"curies":[{"name":"wp","href":"https:\/\/api.w.org\/{rel}","templated":true}]}}